{"id":2422,"date":"2021-01-07T13:37:19","date_gmt":"2021-01-07T13:37:19","guid":{"rendered":"http:\/\/autonomia.hu\/?page_id=2422"},"modified":"2025-09-18T21:04:13","modified_gmt":"2025-09-18T21:04:13","slug":"2422-2","status":"publish","type":"page","link":"https:\/\/autonomia.hu\/hu\/2422-2\/","title":{"rendered":"Auton\u00f3mia 30"},"content":{"rendered":"<p><strong><em>Alap\u00edtv\u00e1nyunk\u00a0 30 \u00e9ve dolgozik a h\u00e1tr\u00e1nyos helyzet\u0171 csoportok, k\u00f6z\u00f6tt\u00fck is els\u0151sorban a rom\u00e1k meger\u0151s\u00edt\u00e9s\u00e9\u00e9rt. Az \u00e9vtizedek sor\u00e1n a szellemi m\u0171helyben sz\u00e1mos ter\u00fcleten ker\u00fcltek kidolgoz\u00e1sra innovat\u00edv m\u00f3dszerek. A sz\u00fclet\u00e9snap alkalm\u00e1b\u00f3l az online t\u00e9rben rendezt\u00fcnk besz\u00e9lget\u00e9ssorozatot az elt\u00e9r\u0151 ter\u00fcletek k\u00e9pvisel\u0151ivel olyan t\u00e9m\u00e1kr\u00f3l, amelyek \u00e1ltal\u00e1ban h\u00e1tt\u00e9rbe szorulnak a k\u00f6zbesz\u00e9dben, pedig mindannyiunk \u00e9let\u00e9re jelent\u0151s hat\u00e1ssal b\u00edrnak. A sz\u00e1mos szak\u00e9rt\u0151 r\u00e9szv\u00e9tel\u00e9vel megrendezett tal\u00e1lkoz\u00f3k egyenk\u00e9nt m\u00e1sf\u00e9l \u00f3r\u00e1s felv\u00e9telei tov\u00e1bbra is el\u00e9rhet\u0151ek, b\u00edzunk benn\u00fck, hogy inspir\u00e1lni fogj\u00e1k m\u00e1sok munk\u00e1j\u00e1t \u00e9s a szakmai diskurzust, illetve alapanyagot adhatnak a t\u00e9m\u00e1k m\u00e9di\u00e1ban t\u00f6rt\u00e9n\u0151 feldolgoz\u00e1s\u00e1hoz.<\/em><\/strong><\/p>\n<p>&nbsp;<\/p>\n<p>A tucatnyi besz\u00e9lget\u00e9s a v\u00edrushelyzet miatt az online t\u00e9rben ker\u00fclt megrendez\u00e9sre. A besz\u00e9lget\u00e9sek sor\u00e1n megtudhattuk egyebek k\u00f6z\u00f6tt, hogy b\u00e1r a szeg\u00e9nys\u00e9gr\u0151l sokaknak legt\u00f6bbsz\u00f6r a rom\u00e1k jutnak esz\u00e9be, a hazai szeg\u00e9nys\u00e9gben \u00e9l\u0151k nagy r\u00e9sze nem roma. A rom\u00e1k integr\u00e1ci\u00f3ja a t\u00e1rsadalom elt\u00e9r\u0151 csoportjainak egyar\u00e1nt \u00e9rdek\u00fck. Ezt a folyamatot adom\u00e1nyokkal csak r\u00e9szben lehet el\u0151seg\u00edteni, s\u0151t az adom\u00e1nyok bizonyos esetekben ellenkez\u0151 hat\u00e1st is kiv\u00e1lthatnak. Elt\u00e9r\u0151 v\u00e1rosokban nagyon m\u00e1s integr\u00e1ci\u00f3s folyamatok val\u00f3sultak meg az elm\u00falt harminc \u00e9vben, \u00e9s a civilek igaz\u00e1n akkor lehetnek sikeresek \u00e9s hat\u00e9konyak az integr\u00e1ci\u00f3 ter\u00fclet\u00e9n, ha \u00e9rdemben egy\u00fctt tudnak m\u0171k\u00f6dni az \u00f6nkorm\u00e1nyzatokkal. A h\u00e1tr\u00e1nyos helyzet\u0171 fiatalok meger\u0151s\u00edt\u00e9s\u00e9ben a m\u0171v\u00e9szetoktat\u00e1s olyan eszk\u00f6z\u00f6ket tud biztos\u00edtani, ami a legt\u00f6bb iskol\u00e1ban kimarad. A rom\u00e1k meger\u0151s\u00f6d\u00e9se szempontj\u00e1b\u00f3l egyform\u00e1n fontos szempont, hogy van-e hiteles saj\u00e1t m\u00e9diaorg\u00e1numuk, hogy a roma \u00e9rtelmis\u00e9g tagjai milyen m\u00e9rt\u00e9kben hagyj\u00e1k el az orsz\u00e1got, \u00e9s hogy az \u00e9vtizedekkel ezel\u0151tt szisztematikus \u00e9s t\u00f6bb\u00e9ves fejleszt\u00e9sre lehet\u0151s\u00e9get kapott roma fiatalok mennyiben tudnak akt\u00edv alak\u00edt\u00f3i lenni a k\u00f6z\u00f6ss\u00e9geik \u00e9let\u00e9nek.<\/p>\n<p>Ugyanakkor mindegy, hogy rom\u00e1kr\u00f3l, vagy nem rom\u00e1kr\u00f3l van sz\u00f3, b\u00e1rmilyen szoci\u00e1lisan, gazdas\u00e1gilag h\u00e1tr\u00e1nyos helyzet\u0171 csoport csak komplex fejleszt\u00e9seknek k\u00f6sz\u00f6nhet\u0151en tud \u00e9rdemben el\u0151rel\u00e9pni. Amennyiben a szakk\u00e9pz\u00e9s val\u00f3ban \u00e9rdemi ismereteket \u00e9s piack\u00e9pes k\u00e9szs\u00e9geket tud adni a z\u00f6m\u00e9ben ilyen int\u00e9zm\u00e9nyekbe j\u00e1r\u00f3 h\u00e1tr\u00e1nyos helyzet\u0171 fiataloknak, akkor lehet csak es\u00e9ly\u00fck a munkaer\u0151piacon. A munkaer\u0151piacon azonban a rom\u00e1k, fiatalok \u00e9s n\u0151k egyar\u00e1nt sokszor h\u00e1tr\u00e1nyos megk\u00fcl\u00f6nb\u00f6ztet\u00e9sben r\u00e9szes\u00fclnek, amely h\u00e1tr\u00e1nyt a jelentkez\u0151k felk\u00e9sz\u00edt\u00e9s\u00e9vel \u00e9s a munkaad\u00f3k szeml\u00e9letform\u00e1l\u00e1s\u00e1val lehet egyens\u00falyozni.<\/p>\n<p><iframe loading=\"lazy\" width=\"800\" height=\"450\" src=\"https:\/\/www.youtube.com\/embed\/N-yqFrlVI_U?feature=oembed\" frameborder=\"0\" allow=\"accelerometer; autoplay; clipboard-write; encrypted-media; gyroscope; picture-in-picture\" allowfullscreen><\/iframe><\/p>\n<p>\u201eAhogy az el\u0151z\u0151 harminc \u00e9vben, \u00fagy a k\u00f6vetkez\u0151 harmincban is az\u00e9rt fogunk dolgozni, hogy a t\u00e1rsadalmi h\u00e1tr\u00e1nyok ellen\u00e9re mindenkinek legyen es\u00e9lye Magyarorsz\u00e1gon alak\u00edtani a saj\u00e1t \u00e9s a k\u00f6rnyezete sors\u00e1t.\u201d \u2013 nyilatkozta Nun Andr\u00e1s, az alap\u00edtv\u00e1ny igazgat\u00f3ja \u2013 \u201eEz pedig csak sz\u00e9lesk\u00f6r\u0171 egy\u00fcttm\u0171k\u00f6d\u00e9sekkel, \u00faj\u00edt\u00e1sokkal, \u00e9s ha kell kritikai \u00e9szrev\u00e9telek megfogalmaz\u00e1s\u00e1val k\u00e9pzelhet\u0151 el, ugyanakkor a bizalmat a k\u00f6z\u00f6ss\u00e9gek tagjaiban, akik\u00e9rt dolgozunk egy pillanatig sem szabad elvesz\u00edten\u00fcnk.\u201d<\/p>\n<p>&nbsp;<\/p>\n<p><strong>AA30 &#8211; Miben m\u00e1s a roma \u00e9s nem roma szeg\u00e9nys\u00e9g?<\/strong><\/p>\n<p><iframe loading=\"lazy\" width=\"800\" height=\"450\" src=\"https:\/\/www.youtube.com\/embed\/IlnAsOGi0dI?feature=oembed\" frameborder=\"0\" allow=\"accelerometer; autoplay; clipboard-write; encrypted-media; gyroscope; picture-in-picture\" allowfullscreen><\/iframe><\/p>\n<p>A szeg\u00e9nys\u00e9g jelens\u00e9g\u00e9nek megismer\u00e9se elengedhetetlen\u00fcl fontos ahhoz, hogy a t\u00e1rsadalom t\u00fal tudjon l\u00e9pni a sztereot\u00edpi\u00e1kban val\u00f3 gondolkod\u00e1son, ugyanakkor re\u00e1lis k\u00e9ppel b\u00edrjunk t\u00e1rsaink helyzet\u00e9re \u00e9s megk\u00fczd\u00e9si strat\u00e9gi\u00e1ira vonatkoz\u00f3an. Megismer\u00e9s n\u00e9lk\u00fcl ugyanis nem lehets\u00e9ges t\u00e1rsadalmi integr\u00e1ci\u00f3.<\/p>\n<p>&nbsp;<\/p>\n<p><strong>AA30 &#8211; Kinek \u00e9ri meg az integr\u00e1ci\u00f3<\/strong><\/p>\n<p><iframe loading=\"lazy\" width=\"800\" height=\"450\" src=\"https:\/\/www.youtube.com\/embed\/T2ZtPTtj6qs?feature=oembed\" frameborder=\"0\" allow=\"accelerometer; autoplay; clipboard-write; encrypted-media; gyroscope; picture-in-picture\" allowfullscreen><\/iframe><\/p>\n<p>A rom\u00e1k integr\u00e1ci\u00f3ja kapcs\u00e1n gyakran hallani k\u00f6lts\u00e9ges projektekr\u0151l, illetve arr\u00f3l, hogy a t\u00e1rsadalomnak k\u00f6teless\u00e9ge lehet\u0151s\u00e9get biztos\u00edtani a h\u00e1tr\u00e1nnyal indul\u00f3 tagjainak. Meg\u00e9ri-e az integr\u00e1ci\u00f3 befektet\u00e9st, id\u0151t, p\u00e9nzt, t\u00f6r\u0151d\u00e9st, a szerencs\u00e9sebb sors\u00fa csoportok \u00e1ldozatait ? Err\u0151l az \u00e9rz\u00e9keny k\u00e9rd\u00e9sr\u0151l szigor\u00fa t\u00e9nyek t\u00fckr\u00e9ben besz\u00e9lgett\u00fcnk szak\u00e9rt\u0151k bevon\u00e1s\u00e1val.<\/p>\n<p>&nbsp;<\/p>\n<p><strong>AA30 &#8211; Kinek seg\u00edt az adom\u00e1ny?<\/strong><\/p>\n<p><iframe loading=\"lazy\" width=\"800\" height=\"450\" src=\"https:\/\/www.youtube.com\/embed\/rmwCoweQE_A?feature=oembed\" frameborder=\"0\" allow=\"accelerometer; autoplay; clipboard-write; encrypted-media; gyroscope; picture-in-picture\" allowfullscreen><\/iframe><\/p>\n<p>Sokan \u00fagy l\u00e1tj\u00e1k, legink\u00e1bb adom\u00e1nyokkal tudj\u00e1k seg\u00edteni a h\u00e1tr\u00e1nyos helyzet\u0171 emberek \u00e9let\u00e9t. Az adom\u00e1nyoz\u00e1s k\u00e9rd\u00e9se az id\u00e9n tavasszal kialakult v\u00e1ls\u00e1ghelyzetben m\u00e9g ink\u00e1bb f\u00f3kuszba ker\u00fclt. A besz\u00e9lget\u00e9s sor\u00e1n sz\u00e1mba vett\u00fck az adom\u00e1nyoz\u00e1s lehets\u00e9ges eszk\u00f6zeit, csatorn\u00e1it, illetve azt, hogyan tud az adom\u00e1nyoz\u00e1s seg\u00edteni fejleszt\u00e9si folyamatokat, \u00e9s mikor tudnak ellenkez\u0151 hat\u00e1st kiv\u00e1ltani j\u00f3sz\u00e1nd\u00e9k\u00fa kezdem\u00e9nyez\u00e9sek.<\/p>\n<p>&nbsp;<\/p>\n<p><strong>AA30 &#8211; Rom\u00e1k P\u00e9csen \u00e9s Miskolcon. Mi t\u00f6rt\u00e9nt az elm\u00falt 30 \u00e9vben?<\/strong><\/p>\n<p><iframe loading=\"lazy\" width=\"800\" height=\"450\" src=\"https:\/\/www.youtube.com\/embed\/xeYzYSA8IxE?feature=oembed\" frameborder=\"0\" allow=\"accelerometer; autoplay; clipboard-write; encrypted-media; gyroscope; picture-in-picture\" allowfullscreen><\/iframe><\/p>\n<p>k\u00e9t magyar nagyv\u00e1ros, ahol jelent\u0151s a rom\u00e1k l\u00e9leksz\u00e1ma, m\u00e9gis sok elt\u00e9r\u00e9s tapasztalhat\u00f3 a roma \u00f6nszervez\u0151d\u00e9s \u00e9s integr\u00e1ci\u00f3s kezdem\u00e9nyez\u00e9sek k\u00f6z\u00f6tt. Milyen t\u00e9nyez\u0151k seg\u00edthetik \u00e9s h\u00e1tr\u00e1ltathatj\u00e1k a roma k\u00f6z\u00f6ss\u00e9gek meger\u0151s\u00f6d\u00e9s\u00e9t egy v\u00e1rosban? Milyen hat\u00e1sai vannak a roma \u00f6nszervez\u0151d\u00e9snek P\u00e9csen \u00e9s Miskolcon? Hogyan viszonyul a k\u00e9t v\u00e1ros a rom\u00e1kat \u00e9rint\u0151 oktat\u00e1si, lakhat\u00e1si k\u00e9rd\u00e9sekhez? Mi befoly\u00e1solta ezt a viszonyt egyik \u00e9s m\u00e1sik helyen?<\/p>\n<p>&nbsp;<\/p>\n<p><strong>AA30 &#8211; Civil \u00e9s (\u00f6n)korm\u00e1nyzati egy\u00fcttm\u0171k\u00f6d\u00e9sek a roma integr\u00e1ci\u00f3\u00e9rt<\/strong><\/p>\n<p><iframe loading=\"lazy\" width=\"800\" height=\"450\" src=\"https:\/\/www.youtube.com\/embed\/hAAIsjLlYz4?feature=oembed\" frameborder=\"0\" allow=\"accelerometer; autoplay; clipboard-write; encrypted-media; gyroscope; picture-in-picture\" allowfullscreen><\/iframe><\/p>\n<p>Roma integr\u00e1ci\u00f3\u00e9rt dolgoz\u00f3 helyi szervezetek sz\u00e1mos szakmai, m\u00f3dszertani \u00faj\u00edt\u00e1st kidolgoztak az elm\u00falt \u00e9vtizedekben, melyek seg\u00edthetik az el\u0151rel\u00e9p\u00e9st. M\u00e9gis a (helyi) hat\u00f3s\u00e1gokkal, int\u00e9zm\u00e9nyekkel t\u00f6rt\u00e9n\u0151 kapcsolattart\u00e1s, egy\u00fcttm\u0171k\u00f6d\u00e9s tal\u00e1n az egyik legnagyobb kih\u00edv\u00e1s a roma integr\u00e1ci\u00f3 \u00fcgy\u00e9\u00e9rt dolgoz\u00f3 szervezetek \u00e9let\u00e9ben. Mi\u00e9rt van ez \u00edgy \u00e9s mik a tapasztalatok, sikerek \u00e9s kudarcok ezen a t\u00e9ren?<\/p>\n<p>&nbsp;<\/p>\n<p><strong>AA30 &#8211; M\u0171v\u00e9szeti alap\u00fa fejleszt\u00e9sek h\u00e1tr\u00e1nyos helyzet\u0171 telep\u00fcl\u00e9seken<\/strong><\/p>\n<p><iframe loading=\"lazy\" width=\"800\" height=\"450\" src=\"https:\/\/www.youtube.com\/embed\/9ejTZZOT248?feature=oembed\" frameborder=\"0\" allow=\"accelerometer; autoplay; clipboard-write; encrypted-media; gyroscope; picture-in-picture\" allowfullscreen><\/iframe><\/p>\n<p>Mi\u00e9rt visz\u00fcnk m\u0171v\u00e9szeti foglalkoz\u00e1sokat, fejleszt\u00e9seket, olyan k\u00f6z\u00f6ss\u00e9gekbe, amelyek tagjai alapvet\u0151 lehet\u0151s\u00e9gek (pl.: oktat\u00e1s, k\u00f6zm\u0171vel\u0151d\u00e9s, munka, lakhat\u00e1s) ter\u00e9n is h\u00e1tr\u00e1nyt szenvednek? Mit adhat az \u00e9rintetteknek a k\u00f6z\u00f6ss\u00e9gi alkot\u00e1sban val\u00f3 r\u00e9szv\u00e9tel lehet\u0151s\u00e9ge? Milyen eszk\u00f6z\u00f6kkel, milyen eredm\u00e9nyeket \u00e9rhet\u00fcnk el?<\/p>\n<p>&nbsp;<\/p>\n<p><strong>AA30 &#8211; Roma m\u00e9dia a m\u00faltban \u00e9s a jelenben<\/strong><\/p>\n<p><iframe loading=\"lazy\" width=\"800\" height=\"450\" src=\"https:\/\/www.youtube.com\/embed\/p8KE9ml1ffo?feature=oembed\" frameborder=\"0\" allow=\"accelerometer; autoplay; clipboard-write; encrypted-media; gyroscope; picture-in-picture\" allowfullscreen><\/iframe><\/p>\n<p>Az elm\u00falt h\u00e1rom \u00e9vtizedben sz\u00e1mos rom\u00e1k \u00e1ltal k\u00e9sz\u00edtett, illetve kifejezetten rom\u00e1knak sz\u00f3l\u00f3 sajt\u00f3term\u00e9k, roma h\u00edrszolg\u00e1lat sz\u00fcletett, p\u00e9ld\u00e1ul a Phralipe, a Roma Sajt\u00f3k\u00f6zpont, a Dikh TV, a MTV Roma Magazin, a C-press, a R\u00e1di\u00f3 C, CserePress\/Cser\u0151ke, Rom\u00e9dia Alap\u00edtv\u00e1ny, RomNet, a Sosinet, TV Baxtale. Mi (volt) ezek c\u00e9lja, mi a k\u00f6z\u00f6s a sorsukban, mi az \u00f6r\u00f6ks\u00e9g\u00fck? Mi jellemezte r\u00e9gebben, \u00e9s mi jellemzi most a roma m\u00e9di\u00e1t?<\/p>\n<p>&nbsp;<\/p>\n<p><strong>AA30 &#8211; Roma \u00e9rtelmis\u00e9g emigr\u00e1ci\u00f3ban<\/strong><\/p>\n<p><iframe loading=\"lazy\" width=\"800\" height=\"450\" src=\"https:\/\/www.youtube.com\/embed\/erErnAuclQM?feature=oembed\" frameborder=\"0\" allow=\"accelerometer; autoplay; clipboard-write; encrypted-media; gyroscope; picture-in-picture\" allowfullscreen><\/iframe><\/p>\n<p>A roma \u00f6nszervez\u0151d\u00e9s, \u00e9rdekk\u00e9pviselet fontos &#8211; ha nem a legfontosabb &#8211; szerepl\u0151je a roma \u00e9rtelmis\u00e9g. Sokan k\u00f6z\u00fcl\u00fck \u00fagy d\u00f6nt\u00f6ttek, ink\u00e1bb elhagyj\u00e1k az orsz\u00e1got. Mit vesz\u00edtett\u00fcnk azzal, hogy m\u00e1shol kezdtek \u00faj \u00e9letet, \u00e9s mit nyerhet\u00fcnk annak k\u00f6sz\u00f6nhet\u0151en, hogy kicsit t\u00e1volabbr\u00f3l l\u00e1tnak r\u00e1 a hazai \u00fcgyekre, m\u00e1shol l\u00e1tott megold\u00e1sok kapcs\u00e1n szereznek tapasztalatot?<\/p>\n<p>&nbsp;<\/p>\n<p><strong>AA30 &#8211; Roma fiatalok meger\u0151s\u00edt\u00e9se k\u00e9t \u00e9vtized t\u00e1vlat\u00e1ban<\/strong><\/p>\n<p><iframe loading=\"lazy\" width=\"800\" height=\"450\" src=\"https:\/\/www.youtube.com\/embed\/Y2S1V8y8qUg?feature=oembed\" frameborder=\"0\" allow=\"accelerometer; autoplay; clipboard-write; encrypted-media; gyroscope; picture-in-picture\" allowfullscreen><\/iframe><\/p>\n<p>Mi az \u00f6r\u00f6ks\u00e9ge a Vil\u00e1gbanki t\u00e1mogat\u00e1sb\u00f3l megval\u00f3sult PAKIV programnak, melyben 2001-2003 k\u00f6z\u00f6tt bulg\u00e1riai, magyarorsz\u00e1gi, rom\u00e1niai \u00e9s szlov\u00e1kiai roma fiatalok vettek r\u00e9szt vezet\u0151i \u00e9s k\u00f6z\u00f6ss\u00e9gfejleszt\u0151i k\u00e9pz\u00e9sben?<\/p>\n<p>&nbsp;<\/p>\n<p><strong>AA30 &#8211; H\u00e1ny dimenzi\u00f3s a hat\u00e9kony fejleszt\u00e9s<\/strong><\/p>\n<p><iframe loading=\"lazy\" width=\"800\" height=\"450\" src=\"https:\/\/www.youtube.com\/embed\/0MWyo8tCmRs?feature=oembed\" frameborder=\"0\" allow=\"accelerometer; autoplay; clipboard-write; encrypted-media; gyroscope; picture-in-picture\" allowfullscreen><\/iframe><\/p>\n<p>A h\u00e1tr\u00e1nyos helyzet\u0171 telep\u00fcl\u00e9seket \u00e9s r\u00e9gi\u00f3kat c\u00e9lz\u00f3 fejleszt\u00e9sek kapcs\u00e1n kulcssz\u00f3v\u00e1 v\u00e1lt a komplexit\u00e1s. De ki mit \u00e9rt komplex fejleszt\u00e9s alatt? Mennyi id\u0151 sz\u00fcks\u00e9ges a hat\u00e9kony fejleszt\u00e9shez? Mi a c\u00e9lravezet\u0151bb, a t\u00e9rs\u00e9gi vagy a pontszer\u0171 beavatkoz\u00e1s? Hogyan viszonyulnak a hossz\u00fat\u00e1v\u00fa fejleszt\u0151 programok az \u00e1llami int\u00e9zm\u00e9nyrendszerekhez?<\/p>\n<p>&nbsp;<\/p>\n<p><strong>AA30 &#8211; Mennyiben k\u00e9szit fel a szakk\u00e9pz\u00e9s a munka vil\u00e1g\u00e1ra?<\/strong><\/p>\n<p><iframe loading=\"lazy\" width=\"800\" height=\"450\" src=\"https:\/\/www.youtube.com\/embed\/_KbZdLqyj6M?feature=oembed\" frameborder=\"0\" allow=\"accelerometer; autoplay; clipboard-write; encrypted-media; gyroscope; picture-in-picture\" allowfullscreen><\/iframe><\/p>\n<p>Hogyan v\u00e1lasztanak szakk\u00e9pz\u00e9st a hazai fiatalok? Mi\u00e9rt morzsol\u00f3dnak le nagyon sokan? \u00c9s mennyiben jutnak hozz\u00e1 a k\u00e9pz\u00e9s sor\u00e1n olyan szaktud\u00e1shoz \u00e9s kompetenci\u00e1khoz az \u00e9vek sor\u00e1n, ami val\u00f3ban versenyk\u00e9pess\u00e9 teheti \u0151ket a munkaer\u0151piacon? Mik a szakk\u00e9pz\u00e9s gyenge pontjai, \u00e9s mik azok a j\u00f3 gyakorlatok, fontos szempontok, amiket \u00e9rdemes figyelembe venni, terjeszteni.<\/p>\n<p>&nbsp;<\/p>\n<p><strong>AA30 &#8211; Mik lehetnek h\u00e1tr\u00e1nyok \u00e9s el\u0151ny\u00f6k a munkaer\u0151piacon?<\/strong><\/p>\n<p><iframe loading=\"lazy\" width=\"800\" height=\"450\" src=\"https:\/\/www.youtube.com\/embed\/8FJn7idysnU?feature=oembed\" frameborder=\"0\" allow=\"accelerometer; autoplay; clipboard-write; encrypted-media; gyroscope; picture-in-picture\" allowfullscreen><\/iframe><\/p>\n<p>A munkakeres\u00e9s sor\u00e1n sokszor h\u00e1tr\u00e1nyt szenvednek a rom\u00e1k, n\u0151k vagy \u00e9ppen a p\u00e1lyakezd\u0151k. a vel\u00fck hasonl\u00f3 er\u0151ss\u00e9gekkel b\u00edr\u00f3, csak \u00e9ppen nem roma nem n\u0151 vagy nem p\u00e1lyakezd\u0151 jel\u00f6ltekkel szemben. Milyen eszk\u00f6z\u00f6kkel lehet ezeket a h\u00e1tr\u00e1nyokat m\u00e9rs\u00e9kelni ak\u00e1r a munk\u00e1ltat\u00f3k, ak\u00e1r az \u00e9rintett jel\u00f6ltek r\u00e9sz\u00e9r\u0151l?<\/p>\n<p><\/p>","protected":false},"excerpt":{"rendered":"<p>Alap\u00edtv\u00e1nyunk\u00a0 30 \u00e9ve dolgozik a h\u00e1tr\u00e1nyos helyzet\u0171 csoportok, k\u00f6z\u00f6tt\u00fck is els\u0151sorban a rom\u00e1k meger\u0151s\u00edt\u00e9s\u00e9\u00e9rt. Az \u00e9vtizedek sor\u00e1n a szellemi m\u0171helyben sz\u00e1mos ter\u00fcleten ker\u00fcltek kidolgoz\u00e1sra innovat\u00edv m\u00f3dszerek. A sz\u00fclet\u00e9snap alkalm\u00e1b\u00f3l az online t\u00e9rben rendezt\u00fcnk besz\u00e9lget\u00e9ssorozatot az elt\u00e9r\u0151 ter\u00fcletek k\u00e9pvisel\u0151ivel olyan t\u00e9m\u00e1kr\u00f3l, amelyek \u00e1ltal\u00e1ban h\u00e1tt\u00e9rbe szorulnak a k\u00f6zbesz\u00e9dben, pedig mindannyiunk \u00e9let\u00e9re jelent\u0151s hat\u00e1ssal b\u00edrnak. A sz\u00e1mos szak\u00e9rt\u0151 [&hellip;]<\/p>\n","protected":false},"author":23,"featured_media":0,"parent":0,"menu_order":0,"comment_status":"closed","ping_status":"closed","template":"","meta":{"footnotes":""},"_links":{"self":[{"href":"https:\/\/autonomia.hu\/hu\/wp-json\/wp\/v2\/pages\/2422"}],"collection":[{"href":"https:\/\/autonomia.hu\/hu\/wp-json\/wp\/v2\/pages"}],"about":[{"href":"https:\/\/autonomia.hu\/hu\/wp-json\/wp\/v2\/types\/page"}],"author":[{"embeddable":true,"href":"https:\/\/autonomia.hu\/hu\/wp-json\/wp\/v2\/users\/23"}],"replies":[{"embeddable":true,"href":"https:\/\/autonomia.hu\/hu\/wp-json\/wp\/v2\/comments?post=2422"}],"version-history":[{"count":4,"href":"https:\/\/autonomia.hu\/hu\/wp-json\/wp\/v2\/pages\/2422\/revisions"}],"predecessor-version":[{"id":2426,"href":"https:\/\/autonomia.hu\/hu\/wp-json\/wp\/v2\/pages\/2422\/revisions\/2426"}],"wp:attachment":[{"href":"https:\/\/autonomia.hu\/hu\/wp-json\/wp\/v2\/media?parent=2422"}],"curies":[{"name":"wp","href":"https:\/\/api.w.org\/{rel}","templated":true}]}}