{"id":1846,"date":"2017-04-21T16:58:48","date_gmt":"2017-04-21T16:58:48","guid":{"rendered":"http:\/\/autonomia.hu\/?page_id=1846"},"modified":"2025-09-19T07:51:14","modified_gmt":"2025-09-19T07:51:14","slug":"tamogass-minket","status":"publish","type":"page","link":"https:\/\/autonomia.hu\/hu\/tamogass-minket\/","title":{"rendered":"Csatlakozz!"},"content":{"rendered":"<p><\/p>\n<h2><a href=\"#CSATLAKOZZ\"><strong>1. \u00d6nk\u00e9nteskedj<\/strong><\/a><\/h2>\n<h2><a href=\"#TAMOGASD\"><strong>2.\u00a0T\u00e1mogass<\/strong><\/a><\/h2>\n<h2><\/h2>\n<h3 id=\"CSATLAKOZZ\"><b>CSATLAKOZZ AZ AUTON\u00d3MIA \u00d6NK\u00c9NTES CSAPAT\u00c1HOZ!<\/b><\/h3>\n<p>&nbsp;<\/p>\n<p><span style=\"font-weight: 400;\">Az Auton\u00f3mia Alap\u00edtv\u00e1ny \u00f6nk\u00e9nteseket keres, akik munk\u00e1jukkal szeretn\u00e9nek hozz\u00e1j\u00e1rulni ahhoz, hogy h\u00e1tr\u00e1nyos helyzet\u0171 fiatalok sikeresekk\u00e9 v\u00e1ljanak az oktat\u00e1sban \u00e9s a munkakeres\u00e9sben. A Startvonal projekt keret\u00e9ben budapesti, miskolc, gy\u00f6ngy\u00f6si \u00e9s hatvani szakk\u00e9pz\u00e9sben tanul\u00f3, onnan kihullott, illetve m\u00e1r v\u00e9gzetts\u00e9get szerzett fiatalok fejleszt\u00e9s\u00e9t seg\u00edtj\u00fck el\u0151 annak \u00e9rdek\u00e9ben, hogy eredm\u00e9nyesen tudj\u00e1k v\u00e9gezni tanulm\u00e1nyaikat, illetve k\u00e9pzetts\u00e9g\u00fcknek \u00e9s \u00e9rdekl\u0151d\u00e9s\u00fcknek megfelel\u0151 munkahelyet tal\u00e1ljanak. A programot\u00a0<\/span><a href=\"http:\/\/autonomia.hu\/hu\/programok\/kompetenciafejlesztes-es-munkaeropiaci-integracio-szakkepzo-intezmenyek-munkaadok-es-fiatalok-egyuttmukodeseben\/?fbclid=IwAR0zbjr3AKKQtGkW3QwiunJKDWOEdmC2c7YPRjnjZdSJDmGRFnXjG9fW5h0\"><b>IDE KATTINTVA\u00a0<\/b><\/a>\u00a0ismerheted meg jobban.<span style=\"font-weight: 400;\"> A kezdem\u00e9nyez\u00e9s sor\u00e1n az iskol\u00e1k pedag\u00f3gusaival \u00e9s a lehets\u00e9ges munkaad\u00f3k k\u00e9pvisel\u0151ivel is egy\u00fcttm\u0171k\u00f6d\u00fcnk, hiszen v\u00e1ltoz\u00e1st hozni csak k\u00f6z\u00f6sen lehet. Csatlakozz \u00f6nk\u00e9ntesk\u00e9nt te is a csapathoz!<\/span><\/p>\n<h2><a href=\"http:\/\/autonomia.hu\/wp-content\/uploads\/2020\/01\/\u00f6nk\u00e9ntes.jpg\"><img decoding=\"async\" loading=\"lazy\" class=\"size-full wp-image-2346 aligncenter\" src=\"http:\/\/autonomia.hu\/wp-content\/uploads\/2020\/01\/\u00f6nk\u00e9ntes.jpg\" alt=\"\" width=\"3000\" height=\"2000\" srcset=\"https:\/\/autonomia.hu\/wp-content\/uploads\/2020\/01\/\u00f6nk\u00e9ntes.jpg 3000w, https:\/\/autonomia.hu\/wp-content\/uploads\/2020\/01\/\u00f6nk\u00e9ntes-600x400.jpg 600w, https:\/\/autonomia.hu\/wp-content\/uploads\/2020\/01\/\u00f6nk\u00e9ntes-1024x683.jpg 1024w\" sizes=\"(max-width: 3000px) 100vw, 3000px\" \/><\/a><\/h2>\n<p><b>T\u00c9GED KERES\u00dcNK, HA:<\/b><\/p>\n<ul>\n<li><span style=\"font-weight: 400;\">szeretn\u00e9l\u00a0<\/span>\n<ul>\n<li><span style=\"font-weight: 400;\">szakmai gyakorlatra szert tenni<\/span><\/li>\n<li><span style=\"font-weight: 400;\">iskolai k\u00f6z\u00f6ss\u00e9gi szolg\u00e1latot v\u00e9gezni<\/span><\/li>\n<li><span style=\"font-weight: 400;\">l\u00e1tni, hogy munk\u00e1ddal hozz\u00e1j\u00e1rulsz fiatalok boldogul\u00e1s\u00e1hoz<\/span><\/li>\n<li><span style=\"font-weight: 400;\">megosztani a tud\u00e1sodat, tapasztalatodat, hobbitev\u00e9kenys\u00e9gedet<\/span><\/li>\n<li>egy kiv\u00e1l\u00f3 csapat r\u00e9sze lenni!<\/li>\n<\/ul>\n<\/li>\n<\/ul>\n<ul>\n<li><span style=\"font-weight: 400;\">elm\u00falt\u00e1l 16 \u00e9ves<\/span><\/li>\n<li><span style=\"font-weight: 400;\">v\u00e1llalod, hogy el\u0151re r\u00f6gz\u00edtett v\u00e1llal\u00e1said ment\u00e9n hozz\u00e1j\u00e1rulsz a k\u00f6z\u00f6s sikerekhez<\/span><\/li>\n<\/ul>\n<p>&nbsp;<\/p>\n<p><b>AMIBEN SZ\u00c1M\u00cdTUNK R\u00c1D:<\/b><\/p>\n<ul>\n<li><span style=\"font-weight: 400;\">esem\u00e9nyek szervez\u00e9s\u00e9ben, lebonyol\u00edt\u00e1s\u00e1ban val\u00f3 r\u00e9szv\u00e9tel<\/span><\/li>\n<li><span style=\"font-weight: 400;\">di\u00e1kok szakt\u00e1rgyi korrepet\u00e1l\u00e1sa<\/span><\/li>\n<li><span style=\"font-weight: 400;\">elt\u00e9r\u0151 szakm\u00e1k, munkalehet\u0151s\u00e9gek bemutat\u00e1s\u00e1ban val\u00f3 r\u00e9szv\u00e9tel<\/span><\/li>\n<li><span style=\"font-weight: 400;\">fiatalok sz\u00e1m\u00e1ra tartott k\u00e9pz\u00e9sek tart\u00e1sa, illetve t\u00e1mogat\u00e1sa<\/span><\/li>\n<li><span style=\"font-weight: 400;\">kommunik\u00e1ci\u00f3s, grafikai feladatokban val\u00f3 r\u00e9szv\u00e9tel<\/span><\/li>\n<li><span style=\"font-weight: 400;\">adminisztrat\u00edv feladatok ell\u00e1t\u00e1sa<\/span><\/li>\n<\/ul>\n<p>&nbsp;<\/p>\n<p><b>AMIT MI NY\u00daJTUNK NEKED:<\/b><\/p>\n<ul>\n<li><span style=\"font-weight: 400;\">saj\u00e1t v\u00e1llal\u00e1said \u00e9s \u00e9rdekl\u0151d\u00e9sed ment\u00e9n r\u00f6gz\u00edtett \u00f6nk\u00e9ntes munkav\u00e9gz\u00e9s lehet\u0151s\u00e9g\u00e9t<\/span><\/li>\n<li><span style=\"font-weight: 400;\">kiv\u00e1l\u00f3 kapcsolat\u00e9p\u00edt\u00e9si lehet\u0151s\u00e9get<\/span><\/li>\n<li><span style=\"font-weight: 400;\">egy vid\u00e1m csapat tagja lehetsz<\/span><\/li>\n<li><span style=\"font-weight: 400;\">j\u00f3 \u00fcgyet szolg\u00e1lhatsz<\/span><\/li>\n<li><span style=\"font-weight: 400;\">igazolhat\u00f3 \u00f6nk\u00e9ntes munka \u00e9s szakmai gyakorlati lehet\u0151s\u00e9get<\/span><\/li>\n<li><span style=\"font-weight: 400;\">\u00e9lm\u00e9nyekben gazdag szakmai tapasztalat szerz\u00e9st<\/span><\/li>\n<\/ul>\n<p><span style=\"font-weight: 400;\">Alkalmi \u00f6nk\u00e9nteseket is tudunk fogadni egyes esem\u00e9nyekhez kapcsol\u00f3d\u00f3an, m\u00edg f\u00e9l \u00e9ves vagy hosszabb t\u00e1vra is sz\u00e1m\u00edtan\u00e1nk r\u00e1d, ha egy hosszabb fejleszt\u00e9si folyamatnak szeretn\u00e9l r\u00e9szese lenni.<\/span><\/p>\n<h2><a href=\"http:\/\/autonomia.hu\/wp-content\/uploads\/2020\/01\/\u00f6nk\u00e9ntes_4.jpg\"><img decoding=\"async\" loading=\"lazy\" class=\"alignnone size-full wp-image-2354\" src=\"http:\/\/autonomia.hu\/wp-content\/uploads\/2020\/01\/\u00f6nk\u00e9ntes_4.jpg\" alt=\"\" width=\"1883\" height=\"1149\" srcset=\"https:\/\/autonomia.hu\/wp-content\/uploads\/2020\/01\/\u00f6nk\u00e9ntes_4.jpg 1883w, https:\/\/autonomia.hu\/wp-content\/uploads\/2020\/01\/\u00f6nk\u00e9ntes_4-600x366.jpg 600w, https:\/\/autonomia.hu\/wp-content\/uploads\/2020\/01\/\u00f6nk\u00e9ntes_4-1024x625.jpg 1024w\" sizes=\"(max-width: 1883px) 100vw, 1883px\" \/><\/a><\/h2>\n<p><span style=\"font-weight: 400;\">Az aktu\u00e1lis programunk \u00f6nk\u00e9nteseink sz\u00e1m\u00e1ra 2022-ig tart, jelentkez\u00e9seket folyamatosan v\u00e1runk. Azonban min\u00e9l hamarabb kapcsol\u00f3dsz be a projektbe, ann\u00e1l jelent\u0151sebb hat\u00e1st tudsz el\u00e9rni munk\u00e1d r\u00e9v\u00e9n. Ez\u00e9rt javasoljuk, jelentkezz min\u00e9l hamarabb!<\/span><\/p>\n<p><span style=\"font-weight: 400;\">Ha a fentiekkel felkeltett\u00fck az \u00e9rdekl\u0151d\u00e9sed \u00e9s szeretn\u00e9d munk\u00e1ddal a h\u00e1tr\u00e1nyos helyzet\u0171 fiatalok \u00e9s alap\u00edtv\u00e1nyunk seg\u00edteni, jelentkezz az itt tal\u00e1lhat\u00f3 k\u00e9rd\u0151\u00edv kit\u00f6lt\u00e9s\u00e9vel.<\/span><\/p>\n<p><span style=\"font-weight: 400;\">A k\u00e9rd\u0151\u00edv c\u00e9lja, hogy min\u00e9l jobban megismerj\u00fcnk t\u00e9ged \u00e9s seg\u00edthess\u00fcnk testhez\u00e1ll\u00f3 feladatot tal\u00e1lni.<\/span><\/p>\n<p style=\"text-align: center;\"><b>A JELENTKEZ\u00c9S MENETE: <\/b><\/p>\n<p style=\"text-align: center;\"><b>A K\u00c9PERNY\u0150 JOBB OLDAL\u00c1N L\u00c1THAT\u00d3 \u00d6NK\u00c9NTES JELENTKEZ\u00c9S F\u00dcLRE KATTINTVA TUDSZ \u00d6NK\u00c9NTESNEK JELENTKEZNI<\/b><\/p>\n<p style=\"text-align: center;\"><b><a href=\"http:\/\/autonomia.hu\/wp-content\/uploads\/2019\/02\/arrow_right-150x150.png\"><img decoding=\"async\" loading=\"lazy\" class=\"alignnone size-full wp-image-2492\" src=\"http:\/\/autonomia.hu\/wp-content\/uploads\/2019\/02\/arrow_right-150x150.png\" alt=\"\" width=\"150\" height=\"150\" srcset=\"https:\/\/autonomia.hu\/wp-content\/uploads\/2019\/02\/arrow_right-150x150.png 150w, https:\/\/autonomia.hu\/wp-content\/uploads\/2019\/02\/arrow_right-150x150-120x120.png 120w\" sizes=\"(max-width: 150px) 100vw, 150px\" \/><\/a><\/b><\/p>\n<p><script type=\"text\/javascript\" src=\"http:\/\/jira.autonomia.hu\/s\/d41d8cd98f00b204e9800998ecf8427e-CDN\/-f6cza\/813001\/53e5c8ba3cf8dc443b859b37bc3df52f\/2.2.4.7\/_\/download\/batch\/com.atlassian.plugins.jquery:jquery\/com.atlassian.plugins.jquery:jquery.js?collectorId=ad95fa80\"><\/script><script type=\"text\/javascript\" src=\"http:\/\/jira.autonomia.hu\/s\/3f562de49ab8879dc3c8eac564b622a2-T\/-f6cza\/813001\/53e5c8ba3cf8dc443b859b37bc3df52f\/4.0.3\/_\/download\/batch\/com.atlassian.jira.collector.plugin.jira-issue-collector-plugin:issuecollector\/com.atlassian.jira.collector.plugin.jira-issue-collector-plugin:issuecollector.js?locale=en-US&#038;collectorId=ad95fa80\"><\/script><\/p>\n<p>&nbsp;<\/p>\n<p><span style=\"font-weight: 400;\">Rem\u00e9lj\u00fck, hogy nemsok\u00e1ra m\u00e1r a csapatunkban \u00fcdv\u00f6z\u00f6lhet\u00fcnk, de addig is k\u00f6vess minket:<\/span><\/p>\n<p><a href=\"https:\/\/www.facebook.com\/autonomiaalapitvany\" target=\"_blank\" rel=\"nofollow\"><b>https:\/\/www.facebook.com\/autonomiaalapitvany<\/b><\/a><\/p>\n<p><span style=\"font-weight: 400;\">K\u00e9rd\u00e9s eset\u00e9n v\u00e1rjuk leveledet az a.makay@autonomia.hu email c\u00edmre.<\/span><\/p>\n<p>&nbsp;<\/p>\n<h3 id=\"TAMOGASD\"><strong>T\u00c1MOGASD AZ ALAP\u00cdTV\u00c1NYT A C\u00c9LJAINAK EL\u00c9R\u00c9S\u00c9BEN!<\/strong><\/h3>\n<p>&nbsp;<\/p>\n<p>Amennyiben fontosnak tartod a munk\u00e1nkat \u00e9s hozz\u00e1 szeretn\u00e9l j\u00e1rulni p\u00e9nz\u00fcgyi t\u00e1mogat\u00e1ssal is c\u00e9ljaink el\u00e9r\u00e9s\u00e9hez, csatlakozz t\u00e1mogat\u00f3inkhoz.<\/p>\n<p>Banksz\u00e1mla sz\u00e1munk egyszeri vagy rendszeres t\u00e1mogat\u00e1shoz:<\/p>\n<p>11600006-00000000-80724009<\/p>\n<p>Ad\u00f3sz\u00e1munk a szem\u00e9lyi j\u00f6vedelemad\u00f3 1 %-\u00e1nak felaj\u00e1nl\u00e1s\u00e1hoz:<\/p>\n<p>19022091-1-41<\/p>\n<p>K\u00f6sz\u00f6nj\u00fck!<\/p>\n<div style=\"display:none;\">\n<a href=\"https:\/\/www.smtgroup.com.my\/\" target=\"_blank\" rel=\"nofollow\">Slot Pulsa<\/a><br \/>\n<a href=\"https:\/\/vimt.edu.au\/\" target=\"_blank\" rel=\"nofollow\">Slot dana<\/a><br \/>\n<a href=\"https:\/\/www.asiansunday.co.uk\/\" target=\"_blank\" rel=\"nofollow\">Slot demo<\/a><br \/>\n<a href=\"https:\/\/oficinadegenero.uda.cl\/\" target=\"_blank\" rel=\"nofollow\">Slot Online<\/a><br \/>\n<a href=\"https:\/\/edu.srru.ac.th\/\" target=\"_blank\" rel=\"nofollow\">Slot Gacor<\/a><br \/>\n<a href=\"https:\/\/www.idrhokiv25.com\/\" target=\"_blank\" rel=\"nofollow\">IDRHOKI<\/a><br \/>\n<a href=\"https:\/\/www.idrhokiv26.com\/\" target=\"_blank\" rel=\"nofollow\">IDRHOKI<\/a><br \/>\n<a href=\"https:\/\/annarborwomensrugby.com\/\" target=\"_blank\" rel=\"nofollow\">Slot Pulsa<\/a><br \/>\n<a href=\"https:\/\/deliciousyarns.com\/\" target=\"_blank\" rel=\"nofollow\">Slot dana<\/a><br \/>\n<a href=\"https:\/\/suejus.com\/\" target=\"_blank\" rel=\"nofollow\">Slot demo<\/a><br \/>\n<a href=\"https:\/\/denledamtrancaocap.com\/\" target=\"_blank\" rel=\"nofollow\">Slot Online<\/a><br \/>\n<a href=\"https:\/\/knuckleupmartialarts.com\" target=\"_blank\" rel=\"nofollow\">Slot gacor<\/a><br \/>\n<a href=\"https:\/\/fullcoursemeal.com\" target=\"_blank\" rel=\"nofollow\">Slot 777<\/a><br \/>\n<a href=\"https:\/\/rumahkostmedan.com\" target=\"_blank\" rel=\"nofollow\">kost premium medan<\/a><br \/>\n<a href=\"https:\/\/globalportcargo.com\" target=\"_blank\" rel=\"nofollow\">Jasa import china medan<\/a>\n<\/div>\n<p><\/p>","protected":false},"excerpt":{"rendered":"<p>1. \u00d6nk\u00e9nteskedj 2.\u00a0T\u00e1mogass CSATLAKOZZ AZ AUTON\u00d3MIA \u00d6NK\u00c9NTES CSAPAT\u00c1HOZ! &nbsp; Az Auton\u00f3mia Alap\u00edtv\u00e1ny \u00f6nk\u00e9nteseket keres, akik munk\u00e1jukkal szeretn\u00e9nek hozz\u00e1j\u00e1rulni ahhoz, hogy h\u00e1tr\u00e1nyos helyzet\u0171 fiatalok sikeresekk\u00e9 v\u00e1ljanak az oktat\u00e1sban \u00e9s a munkakeres\u00e9sben. A Startvonal projekt keret\u00e9ben budapesti, miskolc, gy\u00f6ngy\u00f6si \u00e9s hatvani szakk\u00e9pz\u00e9sben tanul\u00f3, onnan kihullott, illetve m\u00e1r v\u00e9gzetts\u00e9get szerzett fiatalok fejleszt\u00e9s\u00e9t seg\u00edtj\u00fck el\u0151 annak \u00e9rdek\u00e9ben, hogy eredm\u00e9nyesen [&hellip;]<\/p>\n","protected":false},"author":23,"featured_media":0,"parent":0,"menu_order":0,"comment_status":"closed","ping_status":"closed","template":"","meta":{"footnotes":""},"_links":{"self":[{"href":"https:\/\/autonomia.hu\/hu\/wp-json\/wp\/v2\/pages\/1846"}],"collection":[{"href":"https:\/\/autonomia.hu\/hu\/wp-json\/wp\/v2\/pages"}],"about":[{"href":"https:\/\/autonomia.hu\/hu\/wp-json\/wp\/v2\/types\/page"}],"author":[{"embeddable":true,"href":"https:\/\/autonomia.hu\/hu\/wp-json\/wp\/v2\/users\/23"}],"replies":[{"embeddable":true,"href":"https:\/\/autonomia.hu\/hu\/wp-json\/wp\/v2\/comments?post=1846"}],"version-history":[{"count":45,"href":"https:\/\/autonomia.hu\/hu\/wp-json\/wp\/v2\/pages\/1846\/revisions"}],"predecessor-version":[{"id":2494,"href":"https:\/\/autonomia.hu\/hu\/wp-json\/wp\/v2\/pages\/1846\/revisions\/2494"}],"wp:attachment":[{"href":"https:\/\/autonomia.hu\/hu\/wp-json\/wp\/v2\/media?parent=1846"}],"curies":[{"name":"wp","href":"https:\/\/api.w.org\/{rel}","templated":true}]}}